{"id":12052,"date":"2024-11-21T09:19:04","date_gmt":"2024-11-21T09:19:04","guid":{"rendered":"https:\/\/demo.awaikenthemes.com\/infine\/?page_id=12052"},"modified":"2026-03-30T12:37:43","modified_gmt":"2026-03-30T10:37:43","slug":"relationship-coaching","status":"publish","type":"page","link":"https:\/\/rsepower.com\/abidjan\/index.php\/programme\/relationship-coaching\/","title":{"rendered":"Hackathon RSE &amp; IA"},"content":{"rendered":"\t\t<div data-elementor-type=\"wp-page\" data-elementor-id=\"12052\" class=\"elementor elementor-12052\">\n\t\t\t\t<div class=\"elementor-element elementor-element-77ee9ce e-flex e-con-boxed e-con e-parent\" data-id=\"77ee9ce\" data-element_type=\"container\" data-e-type=\"container\">\n\t\t\t\t\t<div class=\"e-con-inner\">\n\t\t<div class=\"elementor-element elementor-element-3b3f97a border-radius-section e-flex e-con-boxed e-con e-child\" data-id=\"3b3f97a\" data-element_type=\"container\" data-e-type=\"container\" data-settings=\"{&quot;background_background&quot;:&quot;classic&quot;}\">\n\t\t\t\t\t<div class=\"e-con-inner\">\n\t\t<div class=\"elementor-element elementor-element-adc4363 e-con-full e-flex e-con e-child\" data-id=\"adc4363\" data-element_type=\"container\" data-e-type=\"container\">\n\t\t\t\t<div class=\"elementor-element elementor-element-da38a8a at-heading-animation at-animation-heading-none elementor-invisible elementor-widget elementor-widget-heading\" data-id=\"da38a8a\" data-element_type=\"widget\" data-e-type=\"widget\" data-settings=\"{&quot;_animation&quot;:&quot;fadeInUp&quot;,&quot;ekit_we_effect_on&quot;:&quot;none&quot;}\" data-widget_type=\"heading.default\">\n\t\t\t\t<div class=\"elementor-widget-container\">\n\t\t\t\t\t<h1 class=\"elementor-heading-title elementor-size-default\">Hackathon<span> RSE &amp; IA<\/span><\/h1>\t\t\t\t<\/div>\n\t\t\t\t<\/div>\n\t\t\t\t<\/div>\n\t\t\t\t\t<\/div>\n\t\t\t\t<\/div>\n\t\t\t\t\t<\/div>\n\t\t\t\t<\/div>\n\t\t<div class=\"elementor-element elementor-element-40352f5 e-flex e-con-boxed e-con e-parent\" data-id=\"40352f5\" data-element_type=\"container\" data-e-type=\"container\">\n\t\t\t\t\t<div class=\"e-con-inner\">\n\t\t<div class=\"elementor-element elementor-element-2f052a2 e-con-full e-flex e-con e-child\" data-id=\"2f052a2\" data-element_type=\"container\" data-e-type=\"container\">\n\t\t<div class=\"elementor-element elementor-element-fccf82f e-con-full e-flex e-con e-child\" data-id=\"fccf82f\" data-element_type=\"container\" data-e-type=\"container\" data-settings=\"{&quot;background_background&quot;:&quot;classic&quot;}\">\n\t\t\t\t<div class=\"elementor-element elementor-element-72dfaa6 at-heading-animation at-animation-heading-none elementor-widget elementor-widget-heading\" data-id=\"72dfaa6\" data-element_type=\"widget\" data-e-type=\"widget\" data-settings=\"{&quot;ekit_we_effect_on&quot;:&quot;none&quot;}\" data-widget_type=\"heading.default\">\n\t\t\t\t<div class=\"elementor-widget-container\">\n\t\t\t\t\t<h2 class=\"elementor-heading-title elementor-size-default\">Programme et activit\u00e9s<\/h2>\t\t\t\t<\/div>\n\t\t\t\t<\/div>\n\t\t\t\t<div class=\"elementor-element elementor-element-63d6e07 faqs-catagery-list elementor-icon-list--layout-traditional elementor-list-item-link-full_width elementor-widget elementor-widget-icon-list\" data-id=\"63d6e07\" data-element_type=\"widget\" data-e-type=\"widget\" data-settings=\"{&quot;ekit_we_effect_on&quot;:&quot;none&quot;}\" data-widget_type=\"icon-list.default\">\n\t\t\t\t<div class=\"elementor-widget-container\">\n\t\t\t\t\t\t\t<ul class=\"elementor-icon-list-items\">\n\t\t\t\t\t\t\t<li class=\"elementor-icon-list-item\">\n\t\t\t\t\t\t\t\t\t\t\t<a href=\"https:\/\/rsepower.com\/abidjan\/index.php\/programme\/thematique-generale\/\">\n\n\t\t\t\t\t\t\t\t\t\t\t\t<span class=\"elementor-icon-list-icon\">\n\t\t\t\t\t\t\t<svg xmlns=\"http:\/\/www.w3.org\/2000\/svg\" width=\"25\" height=\"25\" viewBox=\"0 0 25 25\" fill=\"none\"><path d=\"M16.4351 10.3332L7.82806 18.9402L6.41406 17.5262L15.0201 8.91916H7.43506V6.91916L18.4351 6.91916V17.9192H16.4351V10.3332Z\" fill=\"#6CE77D\"><\/path><\/svg>\t\t\t\t\t\t<\/span>\n\t\t\t\t\t\t\t\t\t\t<span class=\"elementor-icon-list-text\">Th\u00e9matique G\u00e9n\u00e9rale <\/span>\n\t\t\t\t\t\t\t\t\t\t\t<\/a>\n\t\t\t\t\t\t\t\t\t<\/li>\n\t\t\t\t\t\t<\/ul>\n\t\t\t\t\t\t<\/div>\n\t\t\t\t<\/div>\n\t\t\t\t<div class=\"elementor-element elementor-element-00d9f05 faqs-catagery-list elementor-icon-list--layout-traditional elementor-list-item-link-full_width elementor-widget elementor-widget-icon-list\" data-id=\"00d9f05\" data-element_type=\"widget\" data-e-type=\"widget\" data-settings=\"{&quot;ekit_we_effect_on&quot;:&quot;none&quot;}\" data-widget_type=\"icon-list.default\">\n\t\t\t\t<div class=\"elementor-widget-container\">\n\t\t\t\t\t\t\t<ul class=\"elementor-icon-list-items\">\n\t\t\t\t\t\t\t<li class=\"elementor-icon-list-item\">\n\t\t\t\t\t\t\t\t\t\t\t<a href=\"https:\/\/rsepower.com\/abidjan\/index.php\/programme\/panels-conferences\/\">\n\n\t\t\t\t\t\t\t\t\t\t\t\t<span class=\"elementor-icon-list-icon\">\n\t\t\t\t\t\t\t<svg xmlns=\"http:\/\/www.w3.org\/2000\/svg\" width=\"25\" height=\"25\" viewBox=\"0 0 25 25\" fill=\"none\"><path d=\"M16.4351 10.3332L7.82806 18.9402L6.41406 17.5262L15.0201 8.91916H7.43506V6.91916L18.4351 6.91916V17.9192H16.4351V10.3332Z\" fill=\"#6CE77D\"><\/path><\/svg>\t\t\t\t\t\t<\/span>\n\t\t\t\t\t\t\t\t\t\t<span class=\"elementor-icon-list-text\"> Panels &amp; Conf\u00e9rences <\/span>\n\t\t\t\t\t\t\t\t\t\t\t<\/a>\n\t\t\t\t\t\t\t\t\t<\/li>\n\t\t\t\t\t\t<\/ul>\n\t\t\t\t\t\t<\/div>\n\t\t\t\t<\/div>\n\t\t\t\t<div class=\"elementor-element elementor-element-f945054 faqs-catagery-list elementor-icon-list--layout-traditional elementor-list-item-link-full_width elementor-widget elementor-widget-icon-list\" data-id=\"f945054\" data-element_type=\"widget\" data-e-type=\"widget\" data-settings=\"{&quot;ekit_we_effect_on&quot;:&quot;none&quot;}\" data-widget_type=\"icon-list.default\">\n\t\t\t\t<div class=\"elementor-widget-container\">\n\t\t\t\t\t\t\t<ul class=\"elementor-icon-list-items\">\n\t\t\t\t\t\t\t<li class=\"elementor-icon-list-item\">\n\t\t\t\t\t\t\t\t\t\t\t<a href=\"https:\/\/rsepower.com\/abidjan\/index.php\/programme\/relationship-coaching\/\">\n\n\t\t\t\t\t\t\t\t\t\t\t\t<span class=\"elementor-icon-list-icon\">\n\t\t\t\t\t\t\t<svg xmlns=\"http:\/\/www.w3.org\/2000\/svg\" width=\"25\" height=\"25\" viewBox=\"0 0 25 25\" fill=\"none\"><path d=\"M16.4351 10.3332L7.82806 18.9402L6.41406 17.5262L15.0201 8.91916H7.43506V6.91916L18.4351 6.91916V17.9192H16.4351V10.3332Z\" fill=\"#6CE77D\"><\/path><\/svg>\t\t\t\t\t\t<\/span>\n\t\t\t\t\t\t\t\t\t\t<span class=\"elementor-icon-list-text\">Hackathon RSE &amp; IA <\/span>\n\t\t\t\t\t\t\t\t\t\t\t<\/a>\n\t\t\t\t\t\t\t\t\t<\/li>\n\t\t\t\t\t\t<\/ul>\n\t\t\t\t\t\t<\/div>\n\t\t\t\t<\/div>\n\t\t\t\t<div class=\"elementor-element elementor-element-4b29139 faqs-catagery-list elementor-icon-list--layout-traditional elementor-list-item-link-full_width elementor-widget elementor-widget-icon-list\" data-id=\"4b29139\" data-element_type=\"widget\" data-e-type=\"widget\" data-settings=\"{&quot;ekit_we_effect_on&quot;:&quot;none&quot;}\" data-widget_type=\"icon-list.default\">\n\t\t\t\t<div class=\"elementor-widget-container\">\n\t\t\t\t\t\t\t<ul class=\"elementor-icon-list-items\">\n\t\t\t\t\t\t\t<li class=\"elementor-icon-list-item\">\n\t\t\t\t\t\t\t\t\t\t\t<a href=\"https:\/\/rsepower.com\/abidjan\/index.php\/programme\/formations-certifiantes\/\">\n\n\t\t\t\t\t\t\t\t\t\t\t\t<span class=\"elementor-icon-list-icon\">\n\t\t\t\t\t\t\t<svg xmlns=\"http:\/\/www.w3.org\/2000\/svg\" width=\"25\" height=\"25\" viewBox=\"0 0 25 25\" fill=\"none\"><path d=\"M16.4351 10.3332L7.82806 18.9402L6.41406 17.5262L15.0201 8.91916H7.43506V6.91916L18.4351 6.91916V17.9192H16.4351V10.3332Z\" fill=\"#6CE77D\"><\/path><\/svg>\t\t\t\t\t\t<\/span>\n\t\t\t\t\t\t\t\t\t\t<span class=\"elementor-icon-list-text\"> Formations Certifiantes <\/span>\n\t\t\t\t\t\t\t\t\t\t\t<\/a>\n\t\t\t\t\t\t\t\t\t<\/li>\n\t\t\t\t\t\t<\/ul>\n\t\t\t\t\t\t<\/div>\n\t\t\t\t<\/div>\n\t\t\t\t<div class=\"elementor-element elementor-element-aa98876 faqs-catagery-list elementor-icon-list--layout-traditional elementor-list-item-link-full_width elementor-widget elementor-widget-icon-list\" data-id=\"aa98876\" data-element_type=\"widget\" data-e-type=\"widget\" data-settings=\"{&quot;ekit_we_effect_on&quot;:&quot;none&quot;}\" data-widget_type=\"icon-list.default\">\n\t\t\t\t<div class=\"elementor-widget-container\">\n\t\t\t\t\t\t\t<ul class=\"elementor-icon-list-items\">\n\t\t\t\t\t\t\t<li class=\"elementor-icon-list-item\">\n\t\t\t\t\t\t\t\t\t\t\t<a href=\"https:\/\/rsepower.com\/abidjan\/index.php\/csr-awards\/\">\n\n\t\t\t\t\t\t\t\t\t\t\t\t<span class=\"elementor-icon-list-icon\">\n\t\t\t\t\t\t\t<svg xmlns=\"http:\/\/www.w3.org\/2000\/svg\" width=\"25\" height=\"25\" viewBox=\"0 0 25 25\" fill=\"none\"><path d=\"M16.4351 10.3332L7.82806 18.9402L6.41406 17.5262L15.0201 8.91916H7.43506V6.91916L18.4351 6.91916V17.9192H16.4351V10.3332Z\" fill=\"#6CE77D\"><\/path><\/svg>\t\t\t\t\t\t<\/span>\n\t\t\t\t\t\t\t\t\t\t<span class=\"elementor-icon-list-text\">CSR Power Awards <\/span>\n\t\t\t\t\t\t\t\t\t\t\t<\/a>\n\t\t\t\t\t\t\t\t\t<\/li>\n\t\t\t\t\t\t<\/ul>\n\t\t\t\t\t\t<\/div>\n\t\t\t\t<\/div>\n\t\t\t\t<\/div>\n\t\t\t\t<\/div>\n\t\t<div class=\"elementor-element elementor-element-e7818f1 e-con-full e-flex e-con e-child\" data-id=\"e7818f1\" data-element_type=\"container\" data-e-type=\"container\">\n\t\t<div class=\"elementor-element elementor-element-ee1bde0 e-con-full e-flex e-con e-child\" data-id=\"ee1bde0\" data-element_type=\"container\" data-e-type=\"container\">\n\t\t\t\t<div class=\"elementor-element elementor-element-80715ca elementor-invisible elementor-widget elementor-widget-text-editor\" data-id=\"80715ca\" data-element_type=\"widget\" data-e-type=\"widget\" data-settings=\"{&quot;_animation&quot;:&quot;fadeInUp&quot;,&quot;_animation_delay&quot;:100,&quot;ekit_we_effect_on&quot;:&quot;none&quot;}\" data-widget_type=\"text-editor.default\">\n\t\t\t\t<div class=\"elementor-widget-container\">\n\t\t\t\t\t\t\t\t\tLe Hackathon RSE &#038; IA est l&rsquo;une des innovations majeures de cette 6e \u00e9dition. Il r\u00e9unit \u00e9tudiants, d\u00e9veloppeurs, ing\u00e9nieurs, designers et entrepreneurs sociaux pour concevoir, en 24 heures, des solutions innovantes \u00e0 fort impact social, environnemental et \u00e9conomique.\t\t\t\t\t\t\t\t<\/div>\n\t\t\t\t<\/div>\n\t\t\t\t<\/div>\n\t\t<div class=\"elementor-element elementor-element-916e2ba e-con-full e-flex e-con e-child\" data-id=\"916e2ba\" data-element_type=\"container\" data-e-type=\"container\">\n\t\t\t\t<div class=\"elementor-element elementor-element-eb5c493 at-heading-animation at-animation-heading-none elementor-invisible elementor-widget elementor-widget-heading\" data-id=\"eb5c493\" data-element_type=\"widget\" data-e-type=\"widget\" data-settings=\"{&quot;_animation&quot;:&quot;fadeInUp&quot;,&quot;ekit_we_effect_on&quot;:&quot;none&quot;}\" data-widget_type=\"heading.default\">\n\t\t\t\t<div class=\"elementor-widget-container\">\n\t\t\t\t\t<h2 class=\"elementor-heading-title elementor-size-default\"> <span>D\u00e9fis<\/span> propos\u00e9s aux \u00e9quipes :<\/h2>\t\t\t\t<\/div>\n\t\t\t\t<\/div>\n\t\t\t\t<div class=\"elementor-element elementor-element-1727a05 about-us-list elementor-icon-list--layout-traditional elementor-list-item-link-full_width elementor-invisible elementor-widget elementor-widget-icon-list\" data-id=\"1727a05\" data-element_type=\"widget\" data-e-type=\"widget\" data-settings=\"{&quot;_animation&quot;:&quot;fadeInUp&quot;,&quot;_animation_delay&quot;:200,&quot;ekit_we_effect_on&quot;:&quot;none&quot;}\" data-widget_type=\"icon-list.default\">\n\t\t\t\t<div class=\"elementor-widget-container\">\n\t\t\t\t\t\t\t<ul class=\"elementor-icon-list-items\">\n\t\t\t\t\t\t\t<li class=\"elementor-icon-list-item\">\n\t\t\t\t\t\t\t\t\t\t\t<span class=\"elementor-icon-list-icon\">\n\t\t\t\t\t\t\t<i aria-hidden=\"true\" class=\"icon icon-check\"><\/i>\t\t\t\t\t\t<\/span>\n\t\t\t\t\t\t\t\t\t\t<span class=\"elementor-icon-list-text\">D\u00e9fi Environnemental : Concevoir une solution IA pour la r\u00e9duction de l'empreinte carbone d'une PME africaine<\/span>\n\t\t\t\t\t\t\t\t\t<\/li>\n\t\t\t\t\t\t\t\t<li class=\"elementor-icon-list-item\">\n\t\t\t\t\t\t\t\t\t\t\t<span class=\"elementor-icon-list-icon\">\n\t\t\t\t\t\t\t<i aria-hidden=\"true\" class=\"icon icon-check\"><\/i>\t\t\t\t\t\t<\/span>\n\t\t\t\t\t\t\t\t\t\t<span class=\"elementor-icon-list-text\">D\u00e9fi Social : D\u00e9velopper un outil num\u00e9rique pour am\u00e9liorer l'acc\u00e8s aux services essentiels (sant\u00e9, \u00e9ducation, eau)<\/span>\n\t\t\t\t\t\t\t\t\t<\/li>\n\t\t\t\t\t\t\t\t<li class=\"elementor-icon-list-item\">\n\t\t\t\t\t\t\t\t\t\t\t<span class=\"elementor-icon-list-icon\">\n\t\t\t\t\t\t\t<i aria-hidden=\"true\" class=\"icon icon-check\"><\/i>\t\t\t\t\t\t<\/span>\n\t\t\t\t\t\t\t\t\t\t<span class=\"elementor-icon-list-text\">D\u00e9fi \u00c9conomique : Cr\u00e9er une plateforme de reporting ESG automatis\u00e9 pour les entreprises africaines<\/span>\n\t\t\t\t\t\t\t\t\t<\/li>\n\t\t\t\t\t\t\t\t<li class=\"elementor-icon-list-item\">\n\t\t\t\t\t\t\t\t\t\t\t<span class=\"elementor-icon-list-icon\">\n\t\t\t\t\t\t\t<i aria-hidden=\"true\" class=\"icon icon-check\"><\/i>\t\t\t\t\t\t<\/span>\n\t\t\t\t\t\t\t\t\t\t<span class=\"elementor-icon-list-text\">Detailed Competitive Analysis To Strengthen Market Position<\/span>\n\t\t\t\t\t\t\t\t\t<\/li>\n\t\t\t\t\t\t<\/ul>\n\t\t\t\t\t\t<\/div>\n\t\t\t\t<\/div>\n\t\t\t\t<\/div>\n\t\t<div class=\"elementor-element elementor-element-de6519b e-con-full e-flex e-con e-child\" data-id=\"de6519b\" data-element_type=\"container\" data-e-type=\"container\">\n\t\t\t\t<div class=\"elementor-element elementor-element-2cec38e at-heading-animation at-animation-heading-none elementor-invisible elementor-widget elementor-widget-heading\" data-id=\"2cec38e\" data-element_type=\"widget\" data-e-type=\"widget\" data-settings=\"{&quot;_animation&quot;:&quot;fadeInUp&quot;,&quot;ekit_we_effect_on&quot;:&quot;none&quot;}\" data-widget_type=\"heading.default\">\n\t\t\t\t<div class=\"elementor-widget-container\">\n\t\t\t\t\t<h2 class=\"elementor-heading-title elementor-size-default\"><span>R\u00e9compenses <\/span><\/h2>\t\t\t\t<\/div>\n\t\t\t\t<\/div>\n\t\t\t\t<div class=\"elementor-element elementor-element-38806db elementor-invisible elementor-widget elementor-widget-text-editor\" data-id=\"38806db\" data-element_type=\"widget\" data-e-type=\"widget\" data-settings=\"{&quot;_animation&quot;:&quot;fadeInUp&quot;,&quot;_animation_delay&quot;:100,&quot;ekit_we_effect_on&quot;:&quot;none&quot;}\" data-widget_type=\"text-editor.default\">\n\t\t\t\t<div class=\"elementor-widget-container\">\n\t\t\t\t\t\t\t\t\t<p>Our business coaching process is designed to provide structured, yet flexible, support tailored to your specific goals. We begin with an in-depth consultation to understand your business\u2019s current challenges.<\/p>\t\t\t\t\t\t\t\t<\/div>\n\t\t\t\t<\/div>\n\t\t<div class=\"elementor-element elementor-element-8485033 e-con-full e-flex e-con e-child\" data-id=\"8485033\" data-element_type=\"container\" data-e-type=\"container\">\n\t\t\t\t<div class=\"elementor-element elementor-element-e746eaa elementor-widget__width-initial how-work-item ekit-equal-height-disable elementor-invisible elementor-widget elementor-widget-elementskit-icon-box\" data-id=\"e746eaa\" data-element_type=\"widget\" data-e-type=\"widget\" data-settings=\"{&quot;_animation&quot;:&quot;fadeInUp&quot;,&quot;ekit_we_effect_on&quot;:&quot;none&quot;}\" data-widget_type=\"elementskit-icon-box.default\">\n\t\t\t\t<div class=\"elementor-widget-container\">\n\t\t\t\t\t<div class=\"ekit-wid-con\" >        <!-- link opening -->\n                <a href=\"#\" class=\"ekit_global_links\">\n                <!-- end link opening -->\n\n        <div class=\"elementskit-infobox text-left text-left icon-top-align elementor-animation-   \">\n                    <div class=\"elementskit-box-header elementor-animation-\">\n                <div class=\"elementskit-info-box-icon  \">\n                    <i aria-hidden=\"true\" class=\"elementkit-infobox-icon fas fa-award\"><\/i>\n                <\/div>\n          <\/div>\n                        <div class=\"box-body\">\n                            <h3 class=\"elementskit-info-box-title\">\n                    1re place                 <\/h3>\n                        \t\t  \t<p>Troph\u00e9e CSR Power Forum + Dotation financi\u00e8re + Accompagnement pour d\u00e9veloppement du projet<\/p>\n                                <\/div>\n        \n        \n                <\/div>\n                <\/a>\n        <\/div>\t\t\t\t<\/div>\n\t\t\t\t<\/div>\n\t\t\t\t<div class=\"elementor-element elementor-element-3ec0f4a elementor-widget__width-initial how-work-item ekit-equal-height-disable elementor-invisible elementor-widget elementor-widget-elementskit-icon-box\" data-id=\"3ec0f4a\" data-element_type=\"widget\" data-e-type=\"widget\" data-settings=\"{&quot;_animation&quot;:&quot;fadeInUp&quot;,&quot;_animation_delay&quot;:100,&quot;ekit_we_effect_on&quot;:&quot;none&quot;}\" data-widget_type=\"elementskit-icon-box.default\">\n\t\t\t\t<div class=\"elementor-widget-container\">\n\t\t\t\t\t<div class=\"ekit-wid-con\" >        <!-- link opening -->\n                <a href=\"#\" class=\"ekit_global_links\">\n                <!-- end link opening -->\n\n        <div class=\"elementskit-infobox text-left text-left icon-top-align elementor-animation-   \">\n                    <div class=\"elementskit-box-header elementor-animation-\">\n                <div class=\"elementskit-info-box-icon  \">\n                    <svg xmlns=\"http:\/\/www.w3.org\/2000\/svg\" width=\"36\" height=\"36\" viewBox=\"0 0 36 36\" fill=\"none\"><g clip-path=\"url(#clip0_154_261)\"><path d=\"M13.8076 21.3555H3.18262C2.49226 21.3555 1.93262 21.9151 1.93262 22.6055V33.2305C1.93262 33.9208 2.49226 34.4805 3.18262 34.4805H13.8076C14.498 34.4805 15.0576 33.9208 15.0576 33.2305V22.6055C15.0576 21.9151 14.498 21.3555 13.8076 21.3555Z\" stroke=\"white\" stroke-width=\"1.5\" stroke-linecap=\"round\" stroke-linejoin=\"round\"><\/path><path d=\"M33.1826 21.3555H22.5576C21.8673 21.3555 21.3076 21.9151 21.3076 22.6055V33.2305C21.3076 33.9208 21.8673 34.4805 22.5576 34.4805H33.1826C33.873 34.4805 34.4326 33.9208 34.4326 33.2305V22.6055C34.4326 21.9151 33.873 21.3555 33.1826 21.3555Z\" stroke=\"white\" stroke-width=\"1.5\" stroke-linecap=\"round\" stroke-linejoin=\"round\"><\/path><path d=\"M23.5078 1.98047H12.8828C12.1925 1.98047 11.6328 2.54011 11.6328 3.23047V13.8555C11.6328 14.5458 12.1925 15.1055 12.8828 15.1055H23.5078C24.1982 15.1055 24.7578 14.5458 24.7578 13.8555V3.23047C24.7578 2.54011 24.1982 1.98047 23.5078 1.98047Z\" stroke=\"white\" stroke-width=\"1.5\" stroke-linecap=\"round\" stroke-linejoin=\"round\"><\/path><\/g><defs><clipPath id=\"clip0_154_261\"><rect width=\"35\" height=\"35\" fill=\"white\" transform=\"translate(0.682617 0.730469)\"><\/rect><\/clipPath><\/defs><\/svg>\n                <\/div>\n          <\/div>\n                        <div class=\"box-body\">\n                            <h3 class=\"elementskit-info-box-title\">\n                    2e place                 <\/h3>\n                        \t\t  \t<p>Troph\u00e9e + Dotation + Visibilit\u00e9 m\u00e9diatique<\/p>\n                                <\/div>\n        \n        \n                <\/div>\n                <\/a>\n        <\/div>\t\t\t\t<\/div>\n\t\t\t\t<\/div>\n\t\t\t\t<div class=\"elementor-element elementor-element-01a9fda elementor-widget__width-initial how-work-item ekit-equal-height-disable elementor-invisible elementor-widget elementor-widget-elementskit-icon-box\" data-id=\"01a9fda\" data-element_type=\"widget\" data-e-type=\"widget\" data-settings=\"{&quot;_animation&quot;:&quot;fadeInUp&quot;,&quot;_animation_delay&quot;:200,&quot;ekit_we_effect_on&quot;:&quot;none&quot;}\" data-widget_type=\"elementskit-icon-box.default\">\n\t\t\t\t<div class=\"elementor-widget-container\">\n\t\t\t\t\t<div class=\"ekit-wid-con\" >        <!-- link opening -->\n                <a href=\"#\" class=\"ekit_global_links\">\n                <!-- end link opening -->\n\n        <div class=\"elementskit-infobox text-left text-left icon-top-align elementor-animation-   \">\n                    <div class=\"elementskit-box-header elementor-animation-\">\n                <div class=\"elementskit-info-box-icon  \">\n                    <svg xmlns=\"http:\/\/www.w3.org\/2000\/svg\" width=\"36\" height=\"36\" viewBox=\"0 0 36 36\" fill=\"none\"><g clip-path=\"url(#clip0_154_248)\"><path d=\"M13.7575 6.35547L14.8325 3.58047C15.0138 3.11063 15.3328 2.7065 15.7477 2.421C16.1625 2.1355 16.6539 1.98196 17.1575 1.98047H19.2075C19.7111 1.98196 20.2026 2.1355 20.6174 2.421C21.0323 2.7065 21.3512 3.11063 21.5325 3.58047L22.6075 6.35547L26.2575 8.45547L29.2075 8.00547C29.6987 7.93879 30.1987 8.01966 30.6438 8.23778C31.089 8.4559 31.4592 8.80143 31.7075 9.23047L32.7075 10.9805C32.9638 11.4163 33.0818 11.9197 33.0461 12.424C33.0104 12.9284 32.8226 13.41 32.5075 13.8055L30.6825 16.1305V20.3305L32.5575 22.6555C32.8726 23.0509 33.0604 23.5326 33.0961 24.0369C33.1318 24.5413 33.0138 25.0446 32.7575 25.4805L31.7575 27.2305C31.5092 27.6595 31.139 28.005 30.6938 28.2232C30.2487 28.4413 29.7487 28.5221 29.2575 28.4555L26.3075 28.0055L22.6575 30.1055L21.5825 32.8805C21.4012 33.3503 21.0823 33.7544 20.6674 34.0399C20.2526 34.3254 19.7611 34.479 19.2575 34.4805H17.1575C16.6539 34.479 16.1625 34.3254 15.7477 34.0399C15.3328 33.7544 15.0138 33.3503 14.8325 32.8805L13.7575 30.1055L10.1075 28.0055L7.15754 28.4555C6.66633 28.5221 6.16639 28.4413 5.72124 28.2232C5.2761 28.005 4.90585 27.6595 4.65754 27.2305L3.65754 25.4805C3.40129 25.0446 3.28323 24.5413 3.31894 24.0369C3.35464 23.5326 3.54244 23.0509 3.85754 22.6555L5.68254 20.3305V16.1305L3.80754 13.8055C3.49244 13.41 3.30464 12.9284 3.26894 12.424C3.23323 11.9197 3.35129 11.4163 3.60754 10.9805L4.60754 9.23047C4.85585 8.80143 5.2261 8.4559 5.67124 8.23778C6.11639 8.01966 6.61633 7.93879 7.10754 8.00547L10.0575 8.45547L13.7575 6.35547Z\" stroke=\"white\" stroke-width=\"1.5\" stroke-linecap=\"round\" stroke-linejoin=\"round\"><\/path><path d=\"M18.1826 25.7305C22.3248 25.7305 25.6826 22.3726 25.6826 18.2305C25.6826 14.0883 22.3248 10.7305 18.1826 10.7305C14.0405 10.7305 10.6826 14.0883 10.6826 18.2305C10.6826 22.3726 14.0405 25.7305 18.1826 25.7305Z\" stroke=\"white\" stroke-width=\"1.5\" stroke-linecap=\"round\" stroke-linejoin=\"round\"><\/path><path d=\"M18.1826 10.7305V18.2305H25.6826\" stroke=\"white\" stroke-width=\"1.5\" stroke-linecap=\"round\" stroke-linejoin=\"round\"><\/path><path d=\"M18.1828 18.2305L12.8828 23.5305\" stroke=\"white\" stroke-width=\"1.5\" stroke-linecap=\"round\" stroke-linejoin=\"round\"><\/path><\/g><defs><clipPath id=\"clip0_154_248\"><rect width=\"35\" height=\"35\" fill=\"white\" transform=\"translate(0.682617 0.730469)\"><\/rect><\/clipPath><\/defs><\/svg>\n                <\/div>\n          <\/div>\n                        <div class=\"box-body\">\n                            <h3 class=\"elementskit-info-box-title\">\n                    3e place                 <\/h3>\n                        \t\t  \t<p>Troph\u00e9e + Certificat international AIPS<\/p>\n                                <\/div>\n        \n        \n                <\/div>\n                <\/a>\n        <\/div>\t\t\t\t<\/div>\n\t\t\t\t<\/div>\n\t\t\t\t<\/div>\n\t\t\t\t<\/div>\n\t\t\t\t<\/div>\n\t\t\t\t\t<\/div>\n\t\t\t\t<\/div>\n\t\t\t\t<\/div>\n\t\t","protected":false},"excerpt":{"rendered":"<p>Hackathon RSE &amp; IA Programme et activit\u00e9s Th\u00e9matique G\u00e9n\u00e9rale Panels &amp; Conf\u00e9rences [&hellip;]<\/p>\n","protected":false},"author":1,"featured_media":0,"parent":162,"menu_order":0,"comment_status":"closed","ping_status":"closed","template":"elementor_header_footer","meta":{"footnotes":""},"class_list":["post-12052","page","type-page","status-publish","hentry"],"_links":{"self":[{"href":"https:\/\/rsepower.com\/abidjan\/index.php\/wp-json\/wp\/v2\/pages\/12052","targetHints":{"allow":["GET"]}}],"collection":[{"href":"https:\/\/rsepower.com\/abidjan\/index.php\/wp-json\/wp\/v2\/pages"}],"about":[{"href":"https:\/\/rsepower.com\/abidjan\/index.php\/wp-json\/wp\/v2\/types\/page"}],"author":[{"embeddable":true,"href":"https:\/\/rsepower.com\/abidjan\/index.php\/wp-json\/wp\/v2\/users\/1"}],"replies":[{"embeddable":true,"href":"https:\/\/rsepower.com\/abidjan\/index.php\/wp-json\/wp\/v2\/comments?post=12052"}],"version-history":[{"count":27,"href":"https:\/\/rsepower.com\/abidjan\/index.php\/wp-json\/wp\/v2\/pages\/12052\/revisions"}],"predecessor-version":[{"id":13578,"href":"https:\/\/rsepower.com\/abidjan\/index.php\/wp-json\/wp\/v2\/pages\/12052\/revisions\/13578"}],"up":[{"embeddable":true,"href":"https:\/\/rsepower.com\/abidjan\/index.php\/wp-json\/wp\/v2\/pages\/162"}],"wp:attachment":[{"href":"https:\/\/rsepower.com\/abidjan\/index.php\/wp-json\/wp\/v2\/media?parent=12052"}],"curies":[{"name":"wp","href":"https:\/\/api.w.org\/{rel}","templated":true}]}}