{"id":162,"date":"2024-10-22T09:40:49","date_gmt":"2024-10-22T09:40:49","guid":{"rendered":"https:\/\/demo.awaikenthemes.com\/infine\/?page_id=162"},"modified":"2026-03-30T11:16:46","modified_gmt":"2026-03-30T09:16:46","slug":"programme","status":"publish","type":"page","link":"https:\/\/rsepower.com\/abidjan\/index.php\/programme\/","title":{"rendered":"Programme"},"content":{"rendered":"\t\t<div data-elementor-type=\"wp-page\" data-elementor-id=\"162\" class=\"elementor elementor-162\">\n\t\t\t\t<div class=\"elementor-element elementor-element-16eb61e e-flex e-con-boxed e-con e-parent\" data-id=\"16eb61e\" data-element_type=\"container\" data-e-type=\"container\">\n\t\t\t\t\t<div class=\"e-con-inner\">\n\t\t<div class=\"elementor-element elementor-element-0e0aa15 border-radius-section e-flex e-con-boxed e-con e-child\" data-id=\"0e0aa15\" data-element_type=\"container\" data-e-type=\"container\" data-settings=\"{&quot;background_background&quot;:&quot;classic&quot;}\">\n\t\t\t\t\t<div class=\"e-con-inner\">\n\t\t<div class=\"elementor-element elementor-element-d1c52dc e-con-full e-flex e-con e-child\" data-id=\"d1c52dc\" data-element_type=\"container\" data-e-type=\"container\">\n\t\t\t\t<div class=\"elementor-element elementor-element-46fa7a2 at-heading-animation at-animation-heading-none elementor-invisible elementor-widget elementor-widget-heading\" data-id=\"46fa7a2\" data-element_type=\"widget\" data-e-type=\"widget\" data-settings=\"{&quot;_animation&quot;:&quot;fadeInUp&quot;,&quot;ekit_we_effect_on&quot;:&quot;none&quot;}\" data-widget_type=\"heading.default\">\n\t\t\t\t<div class=\"elementor-widget-container\">\n\t\t\t\t\t<h1 class=\"elementor-heading-title elementor-size-default\"><span>Programme<\/span> et activit\u00e9s<\/h1>\t\t\t\t<\/div>\n\t\t\t\t<\/div>\n\t\t\t\t<\/div>\n\t\t\t\t\t<\/div>\n\t\t\t\t<\/div>\n\t\t\t\t\t<\/div>\n\t\t\t\t<\/div>\n\t\t<div class=\"elementor-element elementor-element-765c8ee e-flex e-con-boxed e-con e-parent\" data-id=\"765c8ee\" data-element_type=\"container\" data-e-type=\"container\">\n\t\t\t\t\t<div class=\"e-con-inner\">\n\t\t<div class=\"elementor-element elementor-element-4082335 e-con-full e-flex e-con e-child\" data-id=\"4082335\" data-element_type=\"container\" data-e-type=\"container\">\n\t\t<div class=\"elementor-element elementor-element-5fb3d5d e-con-full service-item e-flex elementor-invisible e-con e-child\" data-id=\"5fb3d5d\" data-element_type=\"container\" data-e-type=\"container\" data-settings=\"{&quot;background_background&quot;:&quot;classic&quot;,&quot;animation&quot;:&quot;fadeInUp&quot;}\">\n\t\t\t\t<div class=\"elementor-element elementor-element-ddf2268 ekit-equal-height-disable elementor-widget elementor-widget-elementskit-icon-box\" data-id=\"ddf2268\" data-element_type=\"widget\" data-e-type=\"widget\" data-settings=\"{&quot;ekit_we_effect_on&quot;:&quot;none&quot;}\" data-widget_type=\"elementskit-icon-box.default\">\n\t\t\t\t<div class=\"elementor-widget-container\">\n\t\t\t\t\t<div class=\"ekit-wid-con\" >        <!-- link opening -->\n                <!-- end link opening -->\n\n        <div class=\"elementskit-infobox text-left text-left icon-top-align elementor-animation-   \">\n                    <div class=\"elementskit-box-header elementor-animation-\">\n                <div class=\"elementskit-info-box-icon  \">\n                    <svg xmlns=\"http:\/\/www.w3.org\/2000\/svg\" width=\"36\" height=\"36\" viewBox=\"0 0 36 36\" fill=\"none\"><g clip-path=\"url(#clip0_152_118)\"><path d=\"M8.63086 15.0378C12.4278 15.0378 15.5059 11.9597 15.5059 8.16278C15.5059 4.36582 12.4278 1.28778 8.63086 1.28778C4.8339 1.28778 1.75586 4.36582 1.75586 8.16278C1.75586 11.9597 4.8339 15.0378 8.63086 15.0378Z\" stroke=\"white\" stroke-width=\"1.5\" stroke-linecap=\"round\" stroke-linejoin=\"round\"><\/path><path d=\"M27.3809 15.0378C31.1778 15.0378 34.2559 11.9597 34.2559 8.16278C34.2559 4.36582 31.1778 1.28778 27.3809 1.28778C23.5839 1.28778 20.5059 4.36582 20.5059 8.16278C20.5059 11.9597 23.5839 15.0378 27.3809 15.0378Z\" stroke=\"white\" stroke-width=\"1.5\" stroke-linecap=\"round\" stroke-linejoin=\"round\"><\/path><path d=\"M8.63086 33.7878C12.4278 33.7878 15.5059 30.7097 15.5059 26.9128C15.5059 23.1158 12.4278 20.0378 8.63086 20.0378C4.8339 20.0378 1.75586 23.1158 1.75586 26.9128C1.75586 30.7097 4.8339 33.7878 8.63086 33.7878Z\" stroke=\"white\" stroke-width=\"1.5\" stroke-linecap=\"round\" stroke-linejoin=\"round\"><\/path><path d=\"M27.3809 33.7878C31.1778 33.7878 34.2559 30.7097 34.2559 26.9128C34.2559 23.1158 31.1778 20.0378 27.3809 20.0378C23.5839 20.0378 20.5059 23.1158 20.5059 26.9128C20.5059 30.7097 23.5839 33.7878 27.3809 33.7878Z\" stroke=\"white\" stroke-width=\"1.5\" stroke-linecap=\"round\" stroke-linejoin=\"round\"><\/path><\/g><defs><clipPath id=\"clip0_152_118\"><rect width=\"35\" height=\"35\" fill=\"white\" transform=\"translate(0.505859 0.0377808)\"><\/rect><\/clipPath><\/defs><\/svg>\n                <\/div>\n          <\/div>\n                        <div class=\"box-body\">\n                            <h3 class=\"elementskit-info-box-title\">\n                    Th\u00e9matique G\u00e9n\u00e9rale                <\/h3>\n                        \t\t  \t<p>Impacts du Tandem RSE\u2013IA sur le D\u00e9veloppement Durable.\n<\/p>\n                                        <div class=\"box-footer disable_hover_button\">\n                    <div class=\"btn-wraper\">\n                                                            <a class=\"elementskit-btn whitespace--normal\" href=\"https:\/\/rsepower.com\/abidjan\/index.php\/programme\/thematique-generale\/\">\n                                        Lire plus                                        <svg xmlns=\"http:\/\/www.w3.org\/2000\/svg\" width=\"25\" height=\"25\" viewBox=\"0 0 25 25\" fill=\"none\"><path d=\"M16.4351 10.3332L7.82806 18.9402L6.41406 17.5262L15.0201 8.91916H7.43506V6.91916L18.4351 6.91916V17.9192H16.4351V10.3332Z\" fill=\"#6CE77D\"><\/path><\/svg>                                    <\/a>\n                                                        <\/div>\n                <\/div>\n                    <\/div>\n        \n        \n                <\/div>\n        <\/div>\t\t\t\t<\/div>\n\t\t\t\t<\/div>\n\t\t\t\t<\/div>\n\t\t<div class=\"elementor-element elementor-element-03b146e e-con-full service-item e-flex elementor-invisible e-con e-child\" data-id=\"03b146e\" data-element_type=\"container\" data-e-type=\"container\" data-settings=\"{&quot;background_background&quot;:&quot;classic&quot;,&quot;animation&quot;:&quot;fadeInUp&quot;,&quot;animation_delay&quot;:100}\">\n\t\t\t\t<div class=\"elementor-element elementor-element-ccaac09 ekit-equal-height-disable elementor-widget elementor-widget-elementskit-icon-box\" data-id=\"ccaac09\" data-element_type=\"widget\" data-e-type=\"widget\" data-settings=\"{&quot;ekit_we_effect_on&quot;:&quot;none&quot;}\" data-widget_type=\"elementskit-icon-box.default\">\n\t\t\t\t<div class=\"elementor-widget-container\">\n\t\t\t\t\t<div class=\"ekit-wid-con\" >        <!-- link opening -->\n                <!-- end link opening -->\n\n        <div class=\"elementskit-infobox text-left text-left icon-top-align elementor-animation-   \">\n                    <div class=\"elementskit-box-header elementor-animation-\">\n                <div class=\"elementskit-info-box-icon  \">\n                    <i aria-hidden=\"true\" class=\"elementkit-infobox-icon icon icon-man\"><\/i>\n                <\/div>\n          <\/div>\n                        <div class=\"box-body\">\n                            <h3 class=\"elementskit-info-box-title\">\n                    Panels &amp; Conf\u00e9rences                <\/h3>\n                        \t\t  \t<p>5 panels strat\u00e9giques anim\u00e9s par des experts RSE et IA internationaux.\n<\/p>\n                                        <div class=\"box-footer disable_hover_button\">\n                    <div class=\"btn-wraper\">\n                                                            <a class=\"elementskit-btn whitespace--normal\" href=\"https:\/\/rsepower.com\/abidjan\/index.php\/programme\/panels-conferences\/\">\n                                        Lire plus                                        <svg xmlns=\"http:\/\/www.w3.org\/2000\/svg\" width=\"25\" height=\"25\" viewBox=\"0 0 25 25\" fill=\"none\"><path d=\"M16.4351 10.3332L7.82806 18.9402L6.41406 17.5262L15.0201 8.91916H7.43506V6.91916L18.4351 6.91916V17.9192H16.4351V10.3332Z\" fill=\"#6CE77D\"><\/path><\/svg>                                    <\/a>\n                                                        <\/div>\n                <\/div>\n                    <\/div>\n        \n        \n                <\/div>\n        <\/div>\t\t\t\t<\/div>\n\t\t\t\t<\/div>\n\t\t\t\t<\/div>\n\t\t<div class=\"elementor-element elementor-element-991aa21 e-con-full service-item e-flex elementor-invisible e-con e-child\" data-id=\"991aa21\" data-element_type=\"container\" data-e-type=\"container\" data-settings=\"{&quot;background_background&quot;:&quot;classic&quot;,&quot;animation&quot;:&quot;fadeInUp&quot;,&quot;animation_delay&quot;:200}\">\n\t\t\t\t<div class=\"elementor-element elementor-element-cc3dc9f ekit-equal-height-disable elementor-widget elementor-widget-elementskit-icon-box\" data-id=\"cc3dc9f\" data-element_type=\"widget\" data-e-type=\"widget\" data-settings=\"{&quot;ekit_we_effect_on&quot;:&quot;none&quot;}\" data-widget_type=\"elementskit-icon-box.default\">\n\t\t\t\t<div class=\"elementor-widget-container\">\n\t\t\t\t\t<div class=\"ekit-wid-con\" >        <!-- link opening -->\n                <!-- end link opening -->\n\n        <div class=\"elementskit-infobox text-left text-left icon-top-align elementor-animation-   \">\n                    <div class=\"elementskit-box-header elementor-animation-\">\n                <div class=\"elementskit-info-box-icon  \">\n                    <i aria-hidden=\"true\" class=\"elementkit-infobox-icon far fa-lightbulb\"><\/i>\n                <\/div>\n          <\/div>\n                        <div class=\"box-body\">\n                            <h3 class=\"elementskit-info-box-title\">\n                    Hackathon RSE &amp; IA                <\/h3>\n                        \t\t  \t<p>24h pour concevoir des solutions innovantes \u00e0 fort impact social africain.<\/p>\n                                        <div class=\"box-footer disable_hover_button\">\n                    <div class=\"btn-wraper\">\n                                                            <a class=\"elementskit-btn whitespace--normal\" href=\"https:\/\/rsepower.com\/abidjan\/index.php\/programme\/relationship-coaching\/\">\n                                        Lire plus                                        <svg xmlns=\"http:\/\/www.w3.org\/2000\/svg\" width=\"25\" height=\"25\" viewBox=\"0 0 25 25\" fill=\"none\"><path d=\"M16.4351 10.3332L7.82806 18.9402L6.41406 17.5262L15.0201 8.91916H7.43506V6.91916L18.4351 6.91916V17.9192H16.4351V10.3332Z\" fill=\"#6CE77D\"><\/path><\/svg>                                    <\/a>\n                                                        <\/div>\n                <\/div>\n                    <\/div>\n        \n        \n                <\/div>\n        <\/div>\t\t\t\t<\/div>\n\t\t\t\t<\/div>\n\t\t\t\t<\/div>\n\t\t<div class=\"elementor-element elementor-element-d2b3923 e-con-full service-item e-flex elementor-invisible e-con e-child\" data-id=\"d2b3923\" data-element_type=\"container\" data-e-type=\"container\" data-settings=\"{&quot;background_background&quot;:&quot;classic&quot;,&quot;animation&quot;:&quot;fadeInUp&quot;,&quot;animation_delay&quot;:300}\">\n\t\t\t\t<div class=\"elementor-element elementor-element-904d7e2 ekit-equal-height-disable elementor-widget elementor-widget-elementskit-icon-box\" data-id=\"904d7e2\" data-element_type=\"widget\" data-e-type=\"widget\" data-settings=\"{&quot;ekit_we_effect_on&quot;:&quot;none&quot;}\" data-widget_type=\"elementskit-icon-box.default\">\n\t\t\t\t<div class=\"elementor-widget-container\">\n\t\t\t\t\t<div class=\"ekit-wid-con\" >        <!-- link opening -->\n                <!-- end link opening -->\n\n        <div class=\"elementskit-infobox text-left text-left icon-top-align elementor-animation-   \">\n                    <div class=\"elementskit-box-header elementor-animation-\">\n                <div class=\"elementskit-info-box-icon  \">\n                    <i aria-hidden=\"true\" class=\"elementkit-infobox-icon icon icon-graduation-hat\"><\/i>\n                <\/div>\n          <\/div>\n                        <div class=\"box-body\">\n                            <h3 class=\"elementskit-info-box-title\">\n                    Formations Certifiantes                <\/h3>\n                        \t\t  \t<p>2 modules certifi\u00e9s AIPS sur la RSE, l'ESG et la transition \u00e9nerg\u00e9tique.<\/p>\n                                        <div class=\"box-footer disable_hover_button\">\n                    <div class=\"btn-wraper\">\n                                                            <a class=\"elementskit-btn whitespace--normal\" href=\"https:\/\/rsepower.com\/abidjan\/index.php\/programme\/formations-certifiantes\/\">\n                                        Lire plus                                        <svg xmlns=\"http:\/\/www.w3.org\/2000\/svg\" width=\"25\" height=\"25\" viewBox=\"0 0 25 25\" fill=\"none\"><path d=\"M16.4351 10.3332L7.82806 18.9402L6.41406 17.5262L15.0201 8.91916H7.43506V6.91916L18.4351 6.91916V17.9192H16.4351V10.3332Z\" fill=\"#6CE77D\"><\/path><\/svg>                                    <\/a>\n                                                        <\/div>\n                <\/div>\n                    <\/div>\n        \n        \n                <\/div>\n        <\/div>\t\t\t\t<\/div>\n\t\t\t\t<\/div>\n\t\t\t\t<\/div>\n\t\t<div class=\"elementor-element elementor-element-4975752 e-con-full service-item e-flex elementor-invisible e-con e-child\" data-id=\"4975752\" data-element_type=\"container\" data-e-type=\"container\" data-settings=\"{&quot;background_background&quot;:&quot;classic&quot;,&quot;animation&quot;:&quot;fadeInUp&quot;,&quot;animation_delay&quot;:400}\">\n\t\t\t\t<div class=\"elementor-element elementor-element-9e4ce9c ekit-equal-height-disable elementor-widget elementor-widget-elementskit-icon-box\" data-id=\"9e4ce9c\" data-element_type=\"widget\" data-e-type=\"widget\" data-settings=\"{&quot;ekit_we_effect_on&quot;:&quot;none&quot;}\" data-widget_type=\"elementskit-icon-box.default\">\n\t\t\t\t<div class=\"elementor-widget-container\">\n\t\t\t\t\t<div class=\"ekit-wid-con\" >        <!-- link opening -->\n                <!-- end link opening -->\n\n        <div class=\"elementskit-infobox text-left text-left icon-top-align elementor-animation-   \">\n                    <div class=\"elementskit-box-header elementor-animation-\">\n                <div class=\"elementskit-info-box-icon  \">\n                    <i aria-hidden=\"true\" class=\"elementkit-infobox-icon fas fa-award\"><\/i>\n                <\/div>\n          <\/div>\n                        <div class=\"box-body\">\n                            <h3 class=\"elementskit-info-box-title\">\n                    CSR Awards                <\/h3>\n                        \t\t  \t<p>9 prix r\u00e9compensant les meilleures initiatives RSE en Afrique 2026.<\/p>\n                                        <div class=\"box-footer disable_hover_button\">\n                    <div class=\"btn-wraper\">\n                                                            <a class=\"elementskit-btn whitespace--normal\" href=\"https:\/\/rsepower.com\/abidjan\/index.php\/csr-awards\/\">\n                                        Lire plus                                        <svg xmlns=\"http:\/\/www.w3.org\/2000\/svg\" width=\"25\" height=\"25\" viewBox=\"0 0 25 25\" fill=\"none\"><path d=\"M16.4351 10.3332L7.82806 18.9402L6.41406 17.5262L15.0201 8.91916H7.43506V6.91916L18.4351 6.91916V17.9192H16.4351V10.3332Z\" fill=\"#6CE77D\"><\/path><\/svg>                                    <\/a>\n                                                        <\/div>\n                <\/div>\n                    <\/div>\n        \n        \n                <\/div>\n        <\/div>\t\t\t\t<\/div>\n\t\t\t\t<\/div>\n\t\t\t\t<\/div>\n\t\t\t\t<\/div>\n\t\t\t\t\t<\/div>\n\t\t\t\t<\/div>\n\t\t\t\t<\/div>\n\t\t","protected":false},"excerpt":{"rendered":"<p>Programme et activit\u00e9s Th\u00e9matique G\u00e9n\u00e9rale Impacts du Tandem RSE\u2013IA sur le D\u00e9veloppement [&hellip;]<\/p>\n","protected":false},"author":1,"featured_media":0,"parent":0,"menu_order":0,"comment_status":"closed","ping_status":"closed","template":"elementor_header_footer","meta":{"footnotes":""},"class_list":["post-162","page","type-page","status-publish","hentry"],"_links":{"self":[{"href":"https:\/\/rsepower.com\/abidjan\/index.php\/wp-json\/wp\/v2\/pages\/162","targetHints":{"allow":["GET"]}}],"collection":[{"href":"https:\/\/rsepower.com\/abidjan\/index.php\/wp-json\/wp\/v2\/pages"}],"about":[{"href":"https:\/\/rsepower.com\/abidjan\/index.php\/wp-json\/wp\/v2\/types\/page"}],"author":[{"embeddable":true,"href":"https:\/\/rsepower.com\/abidjan\/index.php\/wp-json\/wp\/v2\/users\/1"}],"replies":[{"embeddable":true,"href":"https:\/\/rsepower.com\/abidjan\/index.php\/wp-json\/wp\/v2\/comments?post=162"}],"version-history":[{"count":20,"href":"https:\/\/rsepower.com\/abidjan\/index.php\/wp-json\/wp\/v2\/pages\/162\/revisions"}],"predecessor-version":[{"id":13528,"href":"https:\/\/rsepower.com\/abidjan\/index.php\/wp-json\/wp\/v2\/pages\/162\/revisions\/13528"}],"wp:attachment":[{"href":"https:\/\/rsepower.com\/abidjan\/index.php\/wp-json\/wp\/v2\/media?parent=162"}],"curies":[{"name":"wp","href":"https:\/\/api.w.org\/{rel}","templated":true}]}}